{"id":2,"date":"2025-02-12T07:51:05","date_gmt":"2025-02-12T07:51:05","guid":{"rendered":"http:\/\/sodo2689.com\/?page_id=2"},"modified":"2025-03-09T12:11:25","modified_gmt":"2025-03-09T05:11:25","slug":"trang-chu","status":"publish","type":"page","link":"https:\/\/sodo379.com\/","title":{"rendered":"Trang ch\u1ee7"},"content":{"rendered":"<div class=\"slider-wrapper relative\" id=\"slider-663486606\" >\n    <div class=\"slider slider-nav-circle slider-nav-large slider-nav-light slider-style-normal\"\n        data-flickity-options='{\n            \"cellAlign\": \"center\",\n            \"imagesLoaded\": true,\n            \"lazyLoad\": 1,\n            \"freeScroll\": false,\n            \"wrapAround\": true,\n            \"autoPlay\": 6000,\n            \"pauseAutoPlayOnHover\" : true,\n            \"prevNextButtons\": true,\n            \"contain\" : true,\n            \"adaptiveHeight\" : true,\n            \"dragThreshold\" : 10,\n            \"percentPosition\": true,\n            \"pageDots\": true,\n            \"rightToLeft\": false,\n            \"draggable\": true,\n            \"selectedAttraction\": 0.1,\n            \"parallax\" : 0,\n            \"friction\": 0.6        }'\n        >\n        \n\t<div class=\"img has-hover x md-x lg-x y md-y lg-y\" id=\"image_334379408\">\n\t\t\t\t\t\t\t\t<div class=\"img-inner dark\" >\n\t\t\t<img loading=\"lazy\" decoding=\"async\" width=\"1020\" height=\"308\" src=\"https:\/\/sodo379.com\/wp-content\/uploads\/2025\/02\/1737968960340-1024x309.jpg\" class=\"attachment-large size-large\" alt=\"\" srcset=\"https:\/\/sodo379.com\/wp-content\/uploads\/2025\/02\/1737968960340-1024x309.jpg 1024w, https:\/\/sodo379.com\/wp-content\/uploads\/2025\/02\/1737968960340-300x91.jpg 300w, https:\/\/sodo379.com\/wp-content\/uploads\/2025\/02\/1737968960340-768x232.jpg 768w, https:\/\/sodo379.com\/wp-content\/uploads\/2025\/02\/1737968960340-1536x464.jpg 1536w, https:\/\/sodo379.com\/wp-content\/uploads\/2025\/02\/1737968960340.jpg 1920w\" sizes=\"auto, (max-width: 1020px) 100vw, 1020px\" \/>\t\t\t\t\t\t\n\t\t\t\t\t<\/div>\n\t\t\t\t\t\t\t\t\n<style>\n#image_334379408 {\n  width: 100%;\n}\n<\/style>\n\t<\/div>\n\t\n\t<div class=\"img has-hover x md-x lg-x y md-y lg-y\" id=\"image_1062746936\">\n\t\t\t\t\t\t\t\t<div class=\"img-inner dark\" >\n\t\t\t<img loading=\"lazy\" decoding=\"async\" width=\"1020\" height=\"308\" src=\"https:\/\/sodo379.com\/wp-content\/uploads\/2025\/02\/1737961155875-1024x309.jpg\" class=\"attachment-large size-large\" alt=\"\" srcset=\"https:\/\/sodo379.com\/wp-content\/uploads\/2025\/02\/1737961155875-1024x309.jpg 1024w, https:\/\/sodo379.com\/wp-content\/uploads\/2025\/02\/1737961155875-300x91.jpg 300w, https:\/\/sodo379.com\/wp-content\/uploads\/2025\/02\/1737961155875-768x232.jpg 768w, https:\/\/sodo379.com\/wp-content\/uploads\/2025\/02\/1737961155875-1536x464.jpg 1536w, https:\/\/sodo379.com\/wp-content\/uploads\/2025\/02\/1737961155875.jpg 1920w\" sizes=\"auto, (max-width: 1020px) 100vw, 1020px\" \/>\t\t\t\t\t\t\n\t\t\t\t\t<\/div>\n\t\t\t\t\t\t\t\t\n<style>\n#image_1062746936 {\n  width: 100%;\n}\n<\/style>\n\t<\/div>\n\t\n\t<div class=\"img has-hover x md-x lg-x y md-y lg-y\" id=\"image_1471593131\">\n\t\t\t\t\t\t\t\t<div class=\"img-inner dark\" >\n\t\t\t<img loading=\"lazy\" decoding=\"async\" width=\"1020\" height=\"308\" src=\"https:\/\/sodo379.com\/wp-content\/uploads\/2025\/02\/1737778912842-1024x309.jpg\" class=\"attachment-large size-large\" alt=\"\" srcset=\"https:\/\/sodo379.com\/wp-content\/uploads\/2025\/02\/1737778912842-1024x309.jpg 1024w, https:\/\/sodo379.com\/wp-content\/uploads\/2025\/02\/1737778912842-300x91.jpg 300w, https:\/\/sodo379.com\/wp-content\/uploads\/2025\/02\/1737778912842-768x232.jpg 768w, https:\/\/sodo379.com\/wp-content\/uploads\/2025\/02\/1737778912842-1536x464.jpg 1536w, https:\/\/sodo379.com\/wp-content\/uploads\/2025\/02\/1737778912842.jpg 1920w\" sizes=\"auto, (max-width: 1020px) 100vw, 1020px\" \/>\t\t\t\t\t\t\n\t\t\t\t\t<\/div>\n\t\t\t\t\t\t\t\t\n<style>\n#image_1471593131 {\n  width: 100%;\n}\n<\/style>\n\t<\/div>\n\t\n     <\/div>\n\n     <div class=\"loading-spin dark large centered\"><\/div>\n\n     \t<\/div>\n\n\n\t<section class=\"section\" id=\"section_1156264400\">\n\t\t<div class=\"bg section-bg fill bg-fill  bg-loaded\" >\n\n\t\t\t\n\t\t\t\n\t\t\t\n\n\t\t<\/div>\n\n\t\t\n\n\t\t<div class=\"section-content relative\">\n\t\t\t\n<div class=\"row row-collapse\" style=\"max-width:1250px\" id=\"row-331403424\">\n\n\t<div id=\"col-1459945527\" class=\"col small-12 large-12\"  >\n\t\t\t\t<div class=\"col-inner\"  >\n\t\t\t\n\t\t\t\n<p style=\"text-align: center;\"><span style=\"color: #00ffff; font-size: 150%;\"><strong>B\u1ed8 S\u01afU T\u1eacP GAME SODO379<\/strong><\/span><\/p>\n\t\t<\/div>\n\t\t\t\t\t<\/div>\n\n\t\n<\/div>\n<div class=\"row row-collapse row-full-width align-center\"  id=\"row-1149811086\">\n\n\t<div id=\"col-1083925723\" class=\"col medium-2 small-6 large-2\"  >\n\t\t\t\t<div class=\"col-inner\"  >\n\t\t\t\n\t\t\t\n\t<div class=\"img has-hover x md-x lg-x y md-y lg-y\" id=\"image_828406233\">\n\t\t\t\t\t\t\t\t<div class=\"img-inner image-fade-out dark\" >\n\t\t\t<img loading=\"lazy\" decoding=\"async\" width=\"204\" height=\"300\" src=\"https:\/\/sodo379.com\/wp-content\/uploads\/2025\/02\/Silde_XoSo-204x300-1.png\" class=\"attachment-large size-large\" alt=\"\" \/>\t\t\t\t\t\t\n\t\t\t\t\t<\/div>\n\t\t\t\t\t\t\t\t\n<style>\n#image_828406233 {\n  width: 100%;\n}\n<\/style>\n\t<\/div>\n\t\n\t\t<\/div>\n\t\t\t\t\t<\/div>\n\n\t\n\n\t<div id=\"col-946549807\" class=\"col medium-2 small-6 large-2\"  >\n\t\t\t\t<div class=\"col-inner\"  >\n\t\t\t\n\t\t\t\n\t<div class=\"img has-hover x md-x lg-x y md-y lg-y\" id=\"image_1846646840\">\n\t\t\t\t\t\t\t\t<div class=\"img-inner image-fade-out dark\" >\n\t\t\t<img loading=\"lazy\" decoding=\"async\" width=\"204\" height=\"300\" src=\"https:\/\/sodo379.com\/wp-content\/uploads\/2025\/02\/Silde_Casino-204x300-1.png\" class=\"attachment-large size-large\" alt=\"\" \/>\t\t\t\t\t\t\n\t\t\t\t\t<\/div>\n\t\t\t\t\t\t\t\t\n<style>\n#image_1846646840 {\n  width: 100%;\n}\n<\/style>\n\t<\/div>\n\t\n\t\t<\/div>\n\t\t\t\t\t<\/div>\n\n\t\n\n\t<div id=\"col-1966054013\" class=\"col medium-2 small-6 large-2\"  >\n\t\t\t\t<div class=\"col-inner\"  >\n\t\t\t\n\t\t\t\n\t<div class=\"img has-hover x md-x lg-x y md-y lg-y\" id=\"image_1381360628\">\n\t\t\t\t\t\t\t\t<div class=\"img-inner image-fade-out dark\" >\n\t\t\t<img loading=\"lazy\" decoding=\"async\" width=\"204\" height=\"300\" src=\"https:\/\/sodo379.com\/wp-content\/uploads\/2025\/02\/Silde_TheThao-204x300-1.png\" class=\"attachment-large size-large\" alt=\"\" \/>\t\t\t\t\t\t\n\t\t\t\t\t<\/div>\n\t\t\t\t\t\t\t\t\n<style>\n#image_1381360628 {\n  width: 100%;\n}\n<\/style>\n\t<\/div>\n\t\n\t\t<\/div>\n\t\t\t\t\t<\/div>\n\n\t\n\n\t<div id=\"col-883690794\" class=\"col medium-2 small-6 large-2\"  >\n\t\t\t\t<div class=\"col-inner\"  >\n\t\t\t\n\t\t\t\n\t<div class=\"img has-hover x md-x lg-x y md-y lg-y\" id=\"image_35170482\">\n\t\t\t\t\t\t\t\t<div class=\"img-inner image-fade-out dark\" >\n\t\t\t<img loading=\"lazy\" decoding=\"async\" width=\"204\" height=\"300\" src=\"https:\/\/sodo379.com\/wp-content\/uploads\/2025\/02\/Silde_BACCARAT-204x300-1.png\" class=\"attachment-large size-large\" alt=\"\" \/>\t\t\t\t\t\t\n\t\t\t\t\t<\/div>\n\t\t\t\t\t\t\t\t\n<style>\n#image_35170482 {\n  width: 100%;\n}\n<\/style>\n\t<\/div>\n\t\n\t\t<\/div>\n\t\t\t\t\t<\/div>\n\n\t\n\n\t<div id=\"col-949369364\" class=\"col medium-2 small-9 large-2\"  >\n\t\t\t\t<div class=\"col-inner\"  >\n\t\t\t\n\t\t\t\n\t<div class=\"img has-hover x md-x lg-x y md-y lg-y\" id=\"image_917657528\">\n\t\t\t\t\t\t\t\t<div class=\"img-inner image-fade-out dark\" >\n\t\t\t<img loading=\"lazy\" decoding=\"async\" width=\"204\" height=\"300\" src=\"https:\/\/sodo379.com\/wp-content\/uploads\/2025\/02\/Silde_GameBai-204x300-1.png\" class=\"attachment-large size-large\" alt=\"\" \/>\t\t\t\t\t\t\n\t\t\t\t\t<\/div>\n\t\t\t\t\t\t\t\t\n<style>\n#image_917657528 {\n  width: 100%;\n}\n<\/style>\n\t<\/div>\n\t\n\t\t<\/div>\n\t\t\t\t\t<\/div>\n\n\t\n<\/div>\n<div class=\"text-center\"><div class=\"is-divider divider clearfix\" style=\"max-width:1250px;background-color:rgb(255, 255, 255);\"><\/div><\/div>\n<div class=\"row align-middle\" style=\"max-width:1250px\" id=\"row-2099961178\">\n\n\t<div id=\"col-1894156575\" class=\"col medium-6 small-12 large-6\"  >\n\t\t\t\t<div class=\"col-inner\"  >\n\t\t\t\n\t\t\t\n\t<div id=\"text-3758433010\" class=\"text\">\n\t\t\n<p style=\"text-align: center;\"><span style=\"font-size: 150%; color: #00ffff;\"><strong>SODO379 | TRANG CH\u1ee6 NH\u00c0 C\u00c1I S\u1ed0 \u0110\u1ece CASINO UY T\u00cdN<\/strong><\/span><\/p>\n<p><strong>S\u1ed0 \u0110\u1ece Casino<\/strong><strong>\u00a0\u2013\u00a0<a href=\"https:\/\/sodo379.com\/\">Sodo379<\/a><\/strong>\u00a0l\u00e0 nh\u00e0 c\u00e1i casino uy t\u00edn v\u00e0 \u0111\u00e1ng tin c\u1eady h\u00e0ng \u0111\u1ea7u t\u1ea1i Vi\u1ec7t Nam, chuy\u00ean cung c\u1ea5p \u0111a d\u1ea1ng c\u00e1c tr\u00f2 ch\u01a1i c\u00e1 c\u01b0\u1ee3c tr\u1ef1c tuy\u1ebfn h\u1ea5p d\u1eabn nh\u1ea5t hi\u1ec7n nay. T\u1ea1i Sodo casino, b\u1ea1n c\u00f3 th\u1ec3 tham gia v\u00e0o c\u00e1c tr\u00f2 ch\u01a1i s\u00f4i \u0111\u1ed9ng nh\u01b0 c\u00e1 c\u01b0\u1ee3c th\u1ec3 thao, casino tr\u1ef1c tuy\u1ebfn, l\u00f4 \u0111\u1ec1, game b\u00e0i v\u00e0 nhi\u1ec1u h\u00ecnh th\u1ee9c gi\u1ea3i tr\u00ed th\u00fa v\u1ecb kh\u00e1c. \u0110\u0103ng k\u00fd ngay t\u1ea1i \u0111\u00e2y.<\/p>\n<p>V\u1edbi giao di\u1ec7n ng\u01b0\u1eddi d\u00f9ng d\u1ec5 s\u1eed d\u1ee5ng v\u00e0 h\u1ec7 th\u1ed1ng b\u1ea3o m\u1eadt hi\u1ec7n \u0111\u1ea1i, <strong>Sodo379<\/strong> thu h\u00fat ng\u01b0\u1eddi ch\u01a1i b\u1edfi s\u1ef1 \u0111a d\u1ea1ng trong c\u00e1c l\u1ef1a ch\u1ecdn game v\u00e0 c\u00e1c khuy\u1ebfn m\u00e3i h\u1ea5p d\u1eabn.<\/p>\n\t\t\n<style>\n#text-3758433010 {\n  color: rgb(255,255,255);\n}\n#text-3758433010 > * {\n  color: rgb(255,255,255);\n}\n<\/style>\n\t<\/div>\n\t\n\t\t<\/div>\n\t\t\t\t\t<\/div>\n\n\t\n\n\t<div id=\"col-1792457976\" class=\"col medium-6 small-12 large-6\"  >\n\t\t\t\t<div class=\"col-inner\"  >\n\t\t\t\n\t\t\t\n<div class=\"slider-wrapper relative\" id=\"slider-1542451147\" >\n    <div class=\"slider slider-nav-circle slider-nav-large slider-nav-light slider-style-normal\"\n        data-flickity-options='{\n            \"cellAlign\": \"center\",\n            \"imagesLoaded\": true,\n            \"lazyLoad\": 1,\n            \"freeScroll\": false,\n            \"wrapAround\": true,\n            \"autoPlay\": 6000,\n            \"pauseAutoPlayOnHover\" : true,\n            \"prevNextButtons\": true,\n            \"contain\" : true,\n            \"adaptiveHeight\" : true,\n            \"dragThreshold\" : 10,\n            \"percentPosition\": true,\n            \"pageDots\": true,\n            \"rightToLeft\": false,\n            \"draggable\": true,\n            \"selectedAttraction\": 0.1,\n            \"parallax\" : 0,\n            \"friction\": 0.6        }'\n        >\n        \n<div class=\"row\"  id=\"row-2091311229\">\n\n\t<div id=\"col-1582651453\" class=\"col medium-6 small-6 large-6\"  >\n\t\t\t\t<div class=\"col-inner\"  >\n\t\t\t\n\t\t\t\n\t<div class=\"img has-hover x md-x lg-x y md-y lg-y\" id=\"image_1282519417\">\n\t\t\t\t\t\t\t\t<div class=\"img-inner dark\" >\n\t\t\t<img loading=\"lazy\" decoding=\"async\" width=\"200\" height=\"300\" src=\"https:\/\/sodo379.com\/wp-content\/uploads\/2025\/02\/xoc-dia-200x300-1.png\" class=\"attachment-large size-large\" alt=\"\" \/>\t\t\t\t\t\t\n\t\t\t\t\t<\/div>\n\t\t\t\t\t\t\t\t\n<style>\n#image_1282519417 {\n  width: 100%;\n}\n<\/style>\n\t<\/div>\n\t\n\t\t<\/div>\n\t\t\t\t\t<\/div>\n\n\t\n\n\t<div id=\"col-309031650\" class=\"col medium-6 small-6 large-6\"  >\n\t\t\t\t<div class=\"col-inner\"  >\n\t\t\t\n\t\t\t\n\t<div class=\"img has-hover x md-x lg-x y md-y lg-y\" id=\"image_742528937\">\n\t\t\t\t\t\t\t\t<div class=\"img-inner dark\" >\n\t\t\t<img loading=\"lazy\" decoding=\"async\" width=\"200\" height=\"300\" src=\"https:\/\/sodo379.com\/wp-content\/uploads\/2025\/02\/bcr-200x300-1.png\" class=\"attachment-large size-large\" alt=\"\" \/>\t\t\t\t\t\t\n\t\t\t\t\t<\/div>\n\t\t\t\t\t\t\t\t\n<style>\n#image_742528937 {\n  width: 100%;\n}\n<\/style>\n\t<\/div>\n\t\n\t\t<\/div>\n\t\t\t\t\t<\/div>\n\n\t\n<\/div>\n<div class=\"row\"  id=\"row-1895850008\">\n\n\t<div id=\"col-101963026\" class=\"col medium-6 small-6 large-6\"  >\n\t\t\t\t<div class=\"col-inner\"  >\n\t\t\t\n\t\t\t\n\t<div class=\"img has-hover x md-x lg-x y md-y lg-y\" id=\"image_441332766\">\n\t\t\t\t\t\t\t\t<div class=\"img-inner dark\" >\n\t\t\t<img loading=\"lazy\" decoding=\"async\" width=\"200\" height=\"300\" src=\"https:\/\/sodo379.com\/wp-content\/uploads\/2025\/02\/xo-so-200x300-1.png\" class=\"attachment-large size-large\" alt=\"\" \/>\t\t\t\t\t\t\n\t\t\t\t\t<\/div>\n\t\t\t\t\t\t\t\t\n<style>\n#image_441332766 {\n  width: 100%;\n}\n<\/style>\n\t<\/div>\n\t\n\t\t<\/div>\n\t\t\t\t\t<\/div>\n\n\t\n\n\t<div id=\"col-1221091097\" class=\"col medium-6 small-6 large-6\"  >\n\t\t\t\t<div class=\"col-inner\"  >\n\t\t\t\n\t\t\t\n\t<div class=\"img has-hover x md-x lg-x y md-y lg-y\" id=\"image_756790683\">\n\t\t\t\t\t\t\t\t<div class=\"img-inner dark\" >\n\t\t\t<img loading=\"lazy\" decoding=\"async\" width=\"200\" height=\"300\" src=\"https:\/\/sodo379.com\/wp-content\/uploads\/2025\/02\/tai-xiu-200x300-1.png\" class=\"attachment-large size-large\" alt=\"\" \/>\t\t\t\t\t\t\n\t\t\t\t\t<\/div>\n\t\t\t\t\t\t\t\t\n<style>\n#image_756790683 {\n  width: 100%;\n}\n<\/style>\n\t<\/div>\n\t\n\t\t<\/div>\n\t\t\t\t\t<\/div>\n\n\t\n<\/div>\n     <\/div>\n\n     <div class=\"loading-spin dark large centered\"><\/div>\n\n     \t<\/div>\n\n\n\t\t<\/div>\n\t\t\t\t\t<\/div>\n\n\t\n<\/div>\n<div class=\"text-center\"><div class=\"is-divider divider clearfix\" style=\"max-width:1250px;background-color:rgb(255, 255, 255);\"><\/div><\/div>\n<div class=\"row row-collapse align-center\" style=\"max-width:1250px\" id=\"row-824238517\">\n\n\t<div id=\"col-1842003869\" class=\"col small-12 large-12\"  >\n\t\t\t\t<div class=\"col-inner\"  >\n\t\t\t\n\t\t\t\n<p><span style=\"color: #00ffff;\"><strong><span style=\"font-size: 130%;\">H\u01af\u1edaNG D\u1eaaN THAM GIA\u00a0 C\u00c1 C\u01af\u1ee2C<\/span><\/strong><\/span><\/p>\n\t\t<\/div>\n\t\t\t\t\t<\/div>\n\n\t\n<\/div>\n<div class=\"row\" style=\"max-width:1250px\" id=\"row-442329940\">\n\n\t<div id=\"col-931843463\" class=\"col medium-3 small-6 large-3\"  >\n\t\t\t\t<div class=\"col-inner\"  >\n\t\t\t\n\t\t\t\n\t<div class=\"img has-hover x md-x lg-x y md-y lg-y\" id=\"image_1180051560\">\n\t\t\t\t\t\t\t\t<div class=\"img-inner image-zoom dark\" >\n\t\t\t<img loading=\"lazy\" decoding=\"async\" width=\"350\" height=\"250\" src=\"https:\/\/sodo379.com\/wp-content\/uploads\/2025\/02\/huong-dan-dang-ki.jpg\" class=\"attachment-large size-large\" alt=\"\" srcset=\"https:\/\/sodo379.com\/wp-content\/uploads\/2025\/02\/huong-dan-dang-ki.jpg 350w, https:\/\/sodo379.com\/wp-content\/uploads\/2025\/02\/huong-dan-dang-ki-300x214.jpg 300w\" sizes=\"auto, (max-width: 350px) 100vw, 350px\" \/>\t\t\t\t\t\t\n\t\t\t\t\t<\/div>\n\t\t\t\t\t\t\t\t\n<style>\n#image_1180051560 {\n  width: 100%;\n}\n<\/style>\n\t<\/div>\n\t\n\t\t<\/div>\n\t\t\t\t\t<\/div>\n\n\t\n\n\t<div id=\"col-191294054\" class=\"col medium-3 small-6 large-3\"  >\n\t\t\t\t<div class=\"col-inner\"  >\n\t\t\t\n\t\t\t\n\t<div class=\"img has-hover x md-x lg-x y md-y lg-y\" id=\"image_638513652\">\n\t\t\t\t\t\t\t\t<div class=\"img-inner image-zoom dark\" >\n\t\t\t<img loading=\"lazy\" decoding=\"async\" width=\"350\" height=\"250\" src=\"https:\/\/sodo379.com\/wp-content\/uploads\/2025\/02\/huong-dan-nap-tien.jpg\" class=\"attachment-large size-large\" alt=\"\" srcset=\"https:\/\/sodo379.com\/wp-content\/uploads\/2025\/02\/huong-dan-nap-tien.jpg 350w, https:\/\/sodo379.com\/wp-content\/uploads\/2025\/02\/huong-dan-nap-tien-300x214.jpg 300w\" sizes=\"auto, (max-width: 350px) 100vw, 350px\" \/>\t\t\t\t\t\t\n\t\t\t\t\t<\/div>\n\t\t\t\t\t\t\t\t\n<style>\n#image_638513652 {\n  width: 100%;\n}\n<\/style>\n\t<\/div>\n\t\n\t\t<\/div>\n\t\t\t\t\t<\/div>\n\n\t\n\n\t<div id=\"col-1649035893\" class=\"col medium-3 small-6 large-3\"  >\n\t\t\t\t<div class=\"col-inner\"  >\n\t\t\t\n\t\t\t\n\t<div class=\"img has-hover x md-x lg-x y md-y lg-y\" id=\"image_913673675\">\n\t\t\t\t\t\t\t\t<div class=\"img-inner image-zoom dark\" >\n\t\t\t<img loading=\"lazy\" decoding=\"async\" width=\"350\" height=\"250\" src=\"https:\/\/sodo379.com\/wp-content\/uploads\/2025\/02\/huong-dan-tai-app.jpg\" class=\"attachment-large size-large\" alt=\"\" srcset=\"https:\/\/sodo379.com\/wp-content\/uploads\/2025\/02\/huong-dan-tai-app.jpg 350w, https:\/\/sodo379.com\/wp-content\/uploads\/2025\/02\/huong-dan-tai-app-300x214.jpg 300w\" sizes=\"auto, (max-width: 350px) 100vw, 350px\" \/>\t\t\t\t\t\t\n\t\t\t\t\t<\/div>\n\t\t\t\t\t\t\t\t\n<style>\n#image_913673675 {\n  width: 100%;\n}\n<\/style>\n\t<\/div>\n\t\n\t\t<\/div>\n\t\t\t\t\t<\/div>\n\n\t\n\n\t<div id=\"col-961404821\" class=\"col medium-3 small-6 large-3\"  >\n\t\t\t\t<div class=\"col-inner\"  >\n\t\t\t\n\t\t\t\n\t<div class=\"img has-hover x md-x lg-x y md-y lg-y\" id=\"image_615676954\">\n\t\t\t\t\t\t\t\t<div class=\"img-inner image-zoom dark\" >\n\t\t\t<img loading=\"lazy\" decoding=\"async\" width=\"350\" height=\"250\" src=\"https:\/\/sodo379.com\/wp-content\/uploads\/2025\/02\/huong-dan-rut-tien.jpg\" class=\"attachment-large size-large\" alt=\"\" srcset=\"https:\/\/sodo379.com\/wp-content\/uploads\/2025\/02\/huong-dan-rut-tien.jpg 350w, https:\/\/sodo379.com\/wp-content\/uploads\/2025\/02\/huong-dan-rut-tien-300x214.jpg 300w\" sizes=\"auto, (max-width: 350px) 100vw, 350px\" \/>\t\t\t\t\t\t\n\t\t\t\t\t<\/div>\n\t\t\t\t\t\t\t\t\n<style>\n#image_615676954 {\n  width: 100%;\n}\n<\/style>\n\t<\/div>\n\t\n\t\t<\/div>\n\t\t\t\t\t<\/div>\n\n\t\n<\/div>\n\t\t<\/div>\n\n\t\t\n<style>\n#section_1156264400 {\n  padding-top: 30px;\n  padding-bottom: 30px;\n  background-color: rgb(135, 3, 3);\n}\n#section_1156264400 .ux-shape-divider--top svg {\n  height: 150px;\n  --divider-top-width: 100%;\n}\n#section_1156264400 .ux-shape-divider--bottom svg {\n  height: 150px;\n  --divider-width: 100%;\n}\n<\/style>\n\t<\/section>\n\t\n","protected":false},"excerpt":{"rendered":"","protected":false},"author":1,"featured_media":19,"parent":0,"menu_order":0,"comment_status":"closed","ping_status":"closed","template":"page-blank.php","meta":{"footnotes":""},"class_list":["post-2","page","type-page","status-publish","has-post-thumbnail","hentry"],"yoast_head":"<!-- This site is optimized with the Yoast SEO plugin v24.4 - https:\/\/yoast.com\/wordpress\/plugins\/seo\/ -->\n<title>Sodo379 - Sodo379.com | Trang Ch\u1ee7 Nh\u00e0 C\u00e1i S\u1ed1 \u0110\u1ecf Casino 2025<\/title>\n<meta name=\"description\" content=\"Sodo379 - nh\u00e0 c\u00e1i casino uy t\u00edn v\u00e0 \u0111\u00e1ng tin c\u1eady h\u00e0ng \u0111\u1ea7u, chuy\u00ean cung c\u1ea5p \u0111a d\u1ea1ng c\u00e1c tr\u00f2 ch\u01a1i c\u00e1 c\u01b0\u1ee3c tr\u1ef1c tuy\u1ebfn h\u1ea5p d\u1eabn nh\u1ea5t hi\u1ec7n nay.\" \/>\n<meta name=\"robots\" content=\"index, follow, max-snippet:-1, max-image-preview:large, max-video-preview:-1\" \/>\n<link rel=\"canonical\" href=\"https:\/\/sodo379.com\/\" \/>\n<meta property=\"og:locale\" content=\"vi_VN\" \/>\n<meta property=\"og:type\" content=\"article\" \/>\n<meta property=\"og:title\" content=\"Sodo379 - Sodo379.com | Trang Ch\u1ee7 Nh\u00e0 C\u00e1i S\u1ed1 \u0110\u1ecf Casino 2025\" \/>\n<meta property=\"og:description\" content=\"Sodo379 - nh\u00e0 c\u00e1i casino uy t\u00edn v\u00e0 \u0111\u00e1ng tin c\u1eady h\u00e0ng \u0111\u1ea7u, chuy\u00ean cung c\u1ea5p \u0111a d\u1ea1ng c\u00e1c tr\u00f2 ch\u01a1i c\u00e1 c\u01b0\u1ee3c tr\u1ef1c tuy\u1ebfn h\u1ea5p d\u1eabn nh\u1ea5t hi\u1ec7n nay.\" \/>\n<meta property=\"og:url\" content=\"https:\/\/sodo379.com\/\" \/>\n<meta property=\"og:site_name\" content=\"sodo379.com\" \/>\n<meta property=\"article:modified_time\" content=\"2025-03-09T05:11:25+00:00\" \/>\n<meta property=\"og:image\" content=\"https:\/\/sodo379.com\/wp-content\/uploads\/2025\/02\/Silde_Casino-204x300-1.png\" \/>\n\t<meta property=\"og:image:width\" content=\"204\" \/>\n\t<meta property=\"og:image:height\" content=\"300\" \/>\n\t<meta property=\"og:image:type\" content=\"image\/png\" \/>\n<meta name=\"twitter:card\" content=\"summary_large_image\" \/>\n<meta name=\"twitter:label1\" content=\"\u01af\u1edbc t\u00ednh th\u1eddi gian \u0111\u1ecdc\" \/>\n\t<meta name=\"twitter:data1\" content=\"2 ph\u00fat\" \/>\n<script type=\"application\/ld+json\" class=\"yoast-schema-graph\">{\"@context\":\"https:\/\/schema.org\",\"@graph\":[{\"@type\":\"WebPage\",\"@id\":\"https:\/\/sodo379.com\/\",\"url\":\"https:\/\/sodo379.com\/\",\"name\":\"Sodo379 - Sodo379.com | Trang Ch\u1ee7 Nh\u00e0 C\u00e1i S\u1ed1 \u0110\u1ecf Casino 2025\",\"isPartOf\":{\"@id\":\"https:\/\/sodo379.com\/#website\"},\"primaryImageOfPage\":{\"@id\":\"https:\/\/sodo379.com\/#primaryimage\"},\"image\":{\"@id\":\"https:\/\/sodo379.com\/#primaryimage\"},\"thumbnailUrl\":\"https:\/\/sodo379.com\/wp-content\/uploads\/2025\/02\/Silde_Casino-204x300-1.png\",\"datePublished\":\"2025-02-12T07:51:05+00:00\",\"dateModified\":\"2025-03-09T05:11:25+00:00\",\"description\":\"Sodo379 - nh\u00e0 c\u00e1i casino uy t\u00edn v\u00e0 \u0111\u00e1ng tin c\u1eady h\u00e0ng \u0111\u1ea7u, chuy\u00ean cung c\u1ea5p \u0111a d\u1ea1ng c\u00e1c tr\u00f2 ch\u01a1i c\u00e1 c\u01b0\u1ee3c tr\u1ef1c tuy\u1ebfn h\u1ea5p d\u1eabn nh\u1ea5t hi\u1ec7n nay.\",\"breadcrumb\":{\"@id\":\"https:\/\/sodo379.com\/#breadcrumb\"},\"inLanguage\":\"vi\",\"potentialAction\":[{\"@type\":\"ReadAction\",\"target\":[\"https:\/\/sodo379.com\/\"]}]},{\"@type\":\"ImageObject\",\"inLanguage\":\"vi\",\"@id\":\"https:\/\/sodo379.com\/#primaryimage\",\"url\":\"https:\/\/sodo379.com\/wp-content\/uploads\/2025\/02\/Silde_Casino-204x300-1.png\",\"contentUrl\":\"https:\/\/sodo379.com\/wp-content\/uploads\/2025\/02\/Silde_Casino-204x300-1.png\",\"width\":204,\"height\":300},{\"@type\":\"BreadcrumbList\",\"@id\":\"https:\/\/sodo379.com\/#breadcrumb\",\"itemListElement\":[{\"@type\":\"ListItem\",\"position\":1,\"name\":\"Trang ch\u1ee7\",\"item\":\"https:\/\/sodo379.com\/\"},{\"@type\":\"ListItem\",\"position\":2,\"name\":\"Trang ch\u1ee7\"}]},{\"@type\":\"WebSite\",\"@id\":\"https:\/\/sodo379.com\/#website\",\"url\":\"https:\/\/sodo379.com\/\",\"name\":\"sodo379.com\",\"description\":\"\",\"potentialAction\":[{\"@type\":\"SearchAction\",\"target\":{\"@type\":\"EntryPoint\",\"urlTemplate\":\"https:\/\/sodo379.com\/?s={search_term_string}\"},\"query-input\":{\"@type\":\"PropertyValueSpecification\",\"valueRequired\":true,\"valueName\":\"search_term_string\"}}],\"inLanguage\":\"vi\"}]}<\/script>\n<!-- \/ Yoast SEO plugin. -->","yoast_head_json":{"title":"Sodo379 - Sodo379.com | Trang Ch\u1ee7 Nh\u00e0 C\u00e1i S\u1ed1 \u0110\u1ecf Casino 2025","description":"Sodo379 - nh\u00e0 c\u00e1i casino uy t\u00edn v\u00e0 \u0111\u00e1ng tin c\u1eady h\u00e0ng \u0111\u1ea7u, chuy\u00ean cung c\u1ea5p \u0111a d\u1ea1ng c\u00e1c tr\u00f2 ch\u01a1i c\u00e1 c\u01b0\u1ee3c tr\u1ef1c tuy\u1ebfn h\u1ea5p d\u1eabn nh\u1ea5t hi\u1ec7n nay.","robots":{"index":"index","follow":"follow","max-snippet":"max-snippet:-1","max-image-preview":"max-image-preview:large","max-video-preview":"max-video-preview:-1"},"canonical":"https:\/\/sodo379.com\/","og_locale":"vi_VN","og_type":"article","og_title":"Sodo379 - Sodo379.com | Trang Ch\u1ee7 Nh\u00e0 C\u00e1i S\u1ed1 \u0110\u1ecf Casino 2025","og_description":"Sodo379 - nh\u00e0 c\u00e1i casino uy t\u00edn v\u00e0 \u0111\u00e1ng tin c\u1eady h\u00e0ng \u0111\u1ea7u, chuy\u00ean cung c\u1ea5p \u0111a d\u1ea1ng c\u00e1c tr\u00f2 ch\u01a1i c\u00e1 c\u01b0\u1ee3c tr\u1ef1c tuy\u1ebfn h\u1ea5p d\u1eabn nh\u1ea5t hi\u1ec7n nay.","og_url":"https:\/\/sodo379.com\/","og_site_name":"sodo379.com","article_modified_time":"2025-03-09T05:11:25+00:00","og_image":[{"width":204,"height":300,"url":"https:\/\/sodo379.com\/wp-content\/uploads\/2025\/02\/Silde_Casino-204x300-1.png","type":"image\/png"}],"twitter_card":"summary_large_image","twitter_misc":{"\u01af\u1edbc t\u00ednh th\u1eddi gian \u0111\u1ecdc":"2 ph\u00fat"},"schema":{"@context":"https:\/\/schema.org","@graph":[{"@type":"WebPage","@id":"https:\/\/sodo379.com\/","url":"https:\/\/sodo379.com\/","name":"Sodo379 - Sodo379.com | Trang Ch\u1ee7 Nh\u00e0 C\u00e1i S\u1ed1 \u0110\u1ecf Casino 2025","isPartOf":{"@id":"https:\/\/sodo379.com\/#website"},"primaryImageOfPage":{"@id":"https:\/\/sodo379.com\/#primaryimage"},"image":{"@id":"https:\/\/sodo379.com\/#primaryimage"},"thumbnailUrl":"https:\/\/sodo379.com\/wp-content\/uploads\/2025\/02\/Silde_Casino-204x300-1.png","datePublished":"2025-02-12T07:51:05+00:00","dateModified":"2025-03-09T05:11:25+00:00","description":"Sodo379 - nh\u00e0 c\u00e1i casino uy t\u00edn v\u00e0 \u0111\u00e1ng tin c\u1eady h\u00e0ng \u0111\u1ea7u, chuy\u00ean cung c\u1ea5p \u0111a d\u1ea1ng c\u00e1c tr\u00f2 ch\u01a1i c\u00e1 c\u01b0\u1ee3c tr\u1ef1c tuy\u1ebfn h\u1ea5p d\u1eabn nh\u1ea5t hi\u1ec7n nay.","breadcrumb":{"@id":"https:\/\/sodo379.com\/#breadcrumb"},"inLanguage":"vi","potentialAction":[{"@type":"ReadAction","target":["https:\/\/sodo379.com\/"]}]},{"@type":"ImageObject","inLanguage":"vi","@id":"https:\/\/sodo379.com\/#primaryimage","url":"https:\/\/sodo379.com\/wp-content\/uploads\/2025\/02\/Silde_Casino-204x300-1.png","contentUrl":"https:\/\/sodo379.com\/wp-content\/uploads\/2025\/02\/Silde_Casino-204x300-1.png","width":204,"height":300},{"@type":"BreadcrumbList","@id":"https:\/\/sodo379.com\/#breadcrumb","itemListElement":[{"@type":"ListItem","position":1,"name":"Trang ch\u1ee7","item":"https:\/\/sodo379.com\/"},{"@type":"ListItem","position":2,"name":"Trang ch\u1ee7"}]},{"@type":"WebSite","@id":"https:\/\/sodo379.com\/#website","url":"https:\/\/sodo379.com\/","name":"sodo379.com","description":"","potentialAction":[{"@type":"SearchAction","target":{"@type":"EntryPoint","urlTemplate":"https:\/\/sodo379.com\/?s={search_term_string}"},"query-input":{"@type":"PropertyValueSpecification","valueRequired":true,"valueName":"search_term_string"}}],"inLanguage":"vi"}]}},"_links":{"self":[{"href":"https:\/\/sodo379.com\/index.php\/wp-json\/wp\/v2\/pages\/2","targetHints":{"allow":["GET"]}}],"collection":[{"href":"https:\/\/sodo379.com\/index.php\/wp-json\/wp\/v2\/pages"}],"about":[{"href":"https:\/\/sodo379.com\/index.php\/wp-json\/wp\/v2\/types\/page"}],"author":[{"embeddable":true,"href":"https:\/\/sodo379.com\/index.php\/wp-json\/wp\/v2\/users\/1"}],"replies":[{"embeddable":true,"href":"https:\/\/sodo379.com\/index.php\/wp-json\/wp\/v2\/comments?post=2"}],"version-history":[{"count":21,"href":"https:\/\/sodo379.com\/index.php\/wp-json\/wp\/v2\/pages\/2\/revisions"}],"predecessor-version":[{"id":61,"href":"https:\/\/sodo379.com\/index.php\/wp-json\/wp\/v2\/pages\/2\/revisions\/61"}],"wp:featuredmedia":[{"embeddable":true,"href":"https:\/\/sodo379.com\/index.php\/wp-json\/wp\/v2\/media\/19"}],"wp:attachment":[{"href":"https:\/\/sodo379.com\/index.php\/wp-json\/wp\/v2\/media?parent=2"}],"curies":[{"name":"wp","href":"https:\/\/api.w.org\/{rel}","templated":true}]}}